{"id":2,"date":"2009-03-25T14:27:09","date_gmt":"2009-03-25T13:27:09","guid":{"rendered":"http:\/\/www.galeriehaus.com\/?page_id=2"},"modified":"2019-02-12T20:28:46","modified_gmt":"2019-02-12T19:28:46","slug":"impressum","status":"publish","type":"page","link":"http:\/\/www.galeriehaus.com\/?page_id=2","title":{"rendered":"Impressum"},"content":{"rendered":"<p>Galeriehaus Hof<\/p>\n<p>Ansprechpartner:<\/p>\n<p>Michael B\u00f6hm<\/p>\n<p>michael.boehm@galeriehaus.com<\/p>\n<p>Am Sophienberg 28<br \/>\n95028 Hof\/Saale<br \/>\nTel: 09281 &#8211; 87 210<br \/>\nwww.galeriehaus.com<br \/>\ninfo@galeriehaus.com<\/p>\n<p><strong>Angaben gem\u00e4\u00df \u00a7 5 TMG:<\/strong><br \/>\nBetreiber:<br \/>\nCine Center Hof e.V.<br \/>\nVorstand: Ana Radica<br \/>\nAltstadt 8<br \/>\n95028 Hof<br \/>\nTel.: 09281 \/ 85440<br \/>\ninfo@hofer-filmtage.de<\/p>\n<p><strong>Verantwortlich f\u00fcr den Inhalt nach \u00a7 55 Abs. 2 RStV:<\/strong><br \/>\nMichael B\u00f6hm<br \/>\nAm Sophienberg 28<br \/>\n95028 Hof<\/p>\n<p><strong>Haftungsausschluss (Disclaimer)<\/strong><br \/>\nHaftung f\u00fcr Inhalte<br \/>\nAls Diensteanbieter sind wir gem\u00e4\u00df \u00a7 7 Abs.1 TMG f\u00fcr eigene Inhalte auf diesen Seiten nach den allgemeinen<br \/>\nGesetzen verantwortlich. Nach \u00a7\u00a7 8 bis 10 TMG sind wir als Diensteanbieter jedoch nicht verpflichtet,<br \/>\n\u00fcbermittelte oder gespeicherte fremde Informationen zu \u00fcberwachen oder nach Umst\u00e4nden zu<br \/>\nforschen, die auf eine rechtswidrige T\u00e4tigkeit hinweisen.<\/p>\n<p>Verpflichtungen zur Entfernung oder Sperrung der Nutzung von Informationen nach den allgemeinen Gesetzen bleiben hiervon unber\u00fchrt. Eine<br \/>\ndiesbez\u00fcgliche Haftung ist jedoch erst ab dem Zeitpunkt der Kenntnis einer konkreten Rechtsverletzung<br \/>\nm\u00f6glich. Bei Bekanntwerden von entsprechenden Rechtsverletzungen werden wir diese Inhalte umgehend<br \/>\nentfernen.<\/p>\n<p><strong>Haftung f\u00fcr Links<\/strong><br \/>\nUnser Angebot enth\u00e4lt Links zu externen Webseiten<br \/>\nDritter, auf deren Inhalte wir keinen Einfluss haben. Deshalb k\u00f6nnen wir f\u00fcr diese fremden Inhalte<br \/>\nauch keine Gew\u00e4hr \u00fcbernehmen. F\u00fcr die Inhalte der verlinkten Seiten ist stets der jeweilige<br \/>\nAnbieter oder Betreiber der Seiten verantwortlich. Die verlinkten Seiten wurden zum Zeitpunkt der Verlinkung auf<br \/>\nm\u00f6gliche Rechtsverst\u00f6\u00dfe \u00fcberpr\u00fcft. Rechtswidrige Inhalte waren zum Zeitpunkt der<br \/>\nVerlinkung nicht erkennbar.<\/p>\n<p>Eine permanente inhaltliche Kontrolle der verlinkten Seiten ist jedoch ohne konkrete Anhaltspunkte einer Rechtsverletzung nicht zumutbar. Bei Bekanntwerden von Rechtsverletzungen<br \/>\nwerden wir derartige Links umgehend entfernen.<\/p>\n<p><strong>Urheberrecht<\/strong><br \/>\nDie durch die Seitenbetreiber erstellten Inhalte und Werke auf diesen Seiten unterliegen dem deutschen Urheberrecht. Die<br \/>\nVervielf\u00e4ltigung, Bearbeitung, Verbreitung und jede Art der Verwertung au\u00dferhalb der Grenzen des<br \/>\nUrheberrechtes bed\u00fcrfen der schriftlichen Zustimmung des jeweiligen Autors bzw. Erstellers. Downloads<br \/>\nund Kopien dieser Seite sind nur f\u00fcr den privaten, nicht kommerziellen Gebrauch gestattet.<\/p>\n<p>Soweit die Inhalte auf dieser Seite nicht vom Betreiber erstellt wurden, werden die Urheberrechte Dritter beachtet.<br \/>\nInsbesondere werden Inhalte Dritter als solche gekennzeichnet. Sollten Sie trotzdem auf eine<br \/>\nUrheberrechtsverletzung aufmerksam werden, bitten wir um einen entsprechenden Hinweis. Bei Bekanntwerden<br \/>\nvon Rechtsverletzungen werden wir derartige Inhalte umgehend entfernen.<\/p>\n","protected":false},"excerpt":{"rendered":"<p>Galeriehaus Hof Ansprechpartner: Michael B\u00f6hm michael.boehm@galeriehaus.com Am Sophienberg 28 95028 Hof\/Saale Tel: 09281 &#8211; 87 210 www.galeriehaus.com info@galeriehaus.com Angaben gem\u00e4\u00df \u00a7 5 TMG: Betreiber: Cine Center Hof e.V. Vorstand: Ana [&hellip;]<\/p>\n","protected":false},"author":1,"featured_media":0,"parent":0,"menu_order":3,"comment_status":"closed","ping_status":"closed","template":"","meta":{"footnotes":""},"class_list":["post-2","page","type-page","status-publish","hentry"],"_links":{"self":[{"href":"http:\/\/www.galeriehaus.com\/index.php?rest_route=\/wp\/v2\/pages\/2"}],"collection":[{"href":"http:\/\/www.galeriehaus.com\/index.php?rest_route=\/wp\/v2\/pages"}],"about":[{"href":"http:\/\/www.galeriehaus.com\/index.php?rest_route=\/wp\/v2\/types\/page"}],"author":[{"embeddable":true,"href":"http:\/\/www.galeriehaus.com\/index.php?rest_route=\/wp\/v2\/users\/1"}],"replies":[{"embeddable":true,"href":"http:\/\/www.galeriehaus.com\/index.php?rest_route=%2Fwp%2Fv2%2Fcomments&post=2"}],"version-history":[{"count":6,"href":"http:\/\/www.galeriehaus.com\/index.php?rest_route=\/wp\/v2\/pages\/2\/revisions"}],"predecessor-version":[{"id":617,"href":"http:\/\/www.galeriehaus.com\/index.php?rest_route=\/wp\/v2\/pages\/2\/revisions\/617"}],"wp:attachment":[{"href":"http:\/\/www.galeriehaus.com\/index.php?rest_route=%2Fwp%2Fv2%2Fmedia&parent=2"}],"curies":[{"name":"wp","href":"https:\/\/api.w.org\/{rel}","templated":true}]}}