{"id":582,"date":"2017-01-26T12:25:29","date_gmt":"2017-01-26T11:25:29","guid":{"rendered":"http:\/\/www.galeriehaus.com\/?page_id=582"},"modified":"2022-09-15T12:39:40","modified_gmt":"2022-09-15T10:39:40","slug":"newsletter","status":"publish","type":"page","link":"http:\/\/www.galeriehaus.com\/?page_id=582","title":{"rendered":"Newsletter"},"content":{"rendered":"\n\n\n<h2 class=\"wp-block-heading\">Anmeldung f\u00fcr den Galeriehaus-Newsletter<\/h2>\n\n\n\n<div style=\"height:30px\" aria-hidden=\"true\" class=\"wp-block-spacer\"><\/div>\n\n\n<p><i>\t\t\t<form id=\"sib_signup_form_1\" method=\"post\" class=\"sib_signup_form\">\n\t\t\t\t<div class=\"sib_loader\" style=\"display:none;\"><img\n\t\t\t\t\t\t\tsrc=\"http:\/\/www.galeriehaus.com\/wp-includes\/images\/spinner.gif\" alt=\"loader\"><\/div>\n\t\t\t\t<input type=\"hidden\" name=\"sib_form_action\" value=\"subscribe_form_submit\">\n\t\t\t\t<input type=\"hidden\" name=\"sib_form_id\" value=\"1\">\n                <input type=\"hidden\" name=\"sib_form_alert_notice\" value=\"Bitte dieses Feld ausf\u00fcllen.\">\n                <input type=\"hidden\" name=\"sib_form_invalid_email_notice\" value=\"Bitte eine korrekte E-Mail-Adresse angeben.\">\n                <input type=\"hidden\" name=\"sib_security\" value=\"a363c01460\">\n\t\t\t\t<div class=\"sib_signup_box_inside_1\">\n\t\t\t\t\t<div style=\"\/*display:none*\/\" class=\"sib_msg_disp\">\n\t\t\t\t\t<\/div>\n                    \t\t\t\t\t<p>Ihre E-Mail-Adresse wird ausschlie\u00dflich dazu verwendet, Ihnen unseren Newsletter und Informationen \u00fcber die Aktivit\u00e4ten des Galeriehauses Hof zuzusenden. Sie k\u00f6nnen sich jederzeit \u00fcber den im Newsletter enthaltenen Link abmelden.<\/p>\r\n<p><strong>Nach dem Absenden erhalten Sie eine E-Mail mit einem Link zur Best\u00e4tigung Ihrer Anmeldung f\u00fcr den Newsletter.<\/strong><\/p>\r\n<br>\r\n<p class=\"sib-VORNAME-area\"> \r\n    <label class=\"sib-VORNAME-area\">Vorname*<\/label><br>\r\n    <input type=\"text\" class=\"sib-VORNAME-area\" name=\"VORNAME\" required=\"required\"> \r\n<\/p>\r\n<p class=\"sib-NACHNAME-area\"> \r\n    <label class=\"sib-NACHNAME-area\">Nachname*<\/label><br>\r\n    <input type=\"text\" class=\"sib-NACHNAME-area\" name=\"NACHNAME\" required=\"required\"> \r\n<\/p>\r\n<p class=\"sib-email-area\"> \r\n    <label class=\"sib-email-area\">E-Mail*<\/label><br>\r\n    <input type=\"email\" class=\"sib-email-area\" name=\"email\" placeholder=\"\" value=\"\" required=\"required\"> \r\n<\/p>\r\n<br>\r\n<p>\r\n    <input type=\"submit\" class=\"sib-default-btn\" value=\"Anmelden\">\r\n<\/p>\r\n<br>\t\t\t\t<\/div>\n\t\t\t<\/form>\n\t\t\t<style>\n\t\t\t\tform#sib_signup_form_1 p.sib-alert-message {\n    padding: 6px 12px;\n    margin-bottom: 20px;\n    border: 1px solid transparent;\n    border-radius: 4px;\n    -webkit-box-sizing: border-box;\n    -moz-box-sizing: border-box;\n    box-sizing: border-box;\n}\nform#sib_signup_form_1 p.sib-alert-message-error {\n    background-color: #f2dede;\n    border-color: #ebccd1;\n    color: #a94442;\n}\nform#sib_signup_form_1 p.sib-alert-message-success {\n    background-color: #dff0d8;\n    border-color: #d6e9c6;\n    color: #3c763d;\n}\nform#sib_signup_form_1 p.sib-alert-message-warning {\n    background-color: #fcf8e3;\n    border-color: #faebcc;\n    color: #8a6d3b;\n}\n\t\t\t<\/style>\n\t\t\t<\/i><\/p>","protected":false},"excerpt":{"rendered":"<p>Anmeldung f\u00fcr den Galeriehaus-Newsletter<\/p>\n","protected":false},"author":1,"featured_media":0,"parent":0,"menu_order":4,"comment_status":"closed","ping_status":"closed","template":"","meta":{"footnotes":""},"class_list":["post-582","page","type-page","status-publish","hentry"],"_links":{"self":[{"href":"http:\/\/www.galeriehaus.com\/index.php?rest_route=\/wp\/v2\/pages\/582"}],"collection":[{"href":"http:\/\/www.galeriehaus.com\/index.php?rest_route=\/wp\/v2\/pages"}],"about":[{"href":"http:\/\/www.galeriehaus.com\/index.php?rest_route=\/wp\/v2\/types\/page"}],"author":[{"embeddable":true,"href":"http:\/\/www.galeriehaus.com\/index.php?rest_route=\/wp\/v2\/users\/1"}],"replies":[{"embeddable":true,"href":"http:\/\/www.galeriehaus.com\/index.php?rest_route=%2Fwp%2Fv2%2Fcomments&post=582"}],"version-history":[{"count":17,"href":"http:\/\/www.galeriehaus.com\/index.php?rest_route=\/wp\/v2\/pages\/582\/revisions"}],"predecessor-version":[{"id":1261,"href":"http:\/\/www.galeriehaus.com\/index.php?rest_route=\/wp\/v2\/pages\/582\/revisions\/1261"}],"wp:attachment":[{"href":"http:\/\/www.galeriehaus.com\/index.php?rest_route=%2Fwp%2Fv2%2Fmedia&parent=582"}],"curies":[{"name":"wp","href":"https:\/\/api.w.org\/{rel}","templated":true}]}}